{"id":2028,"date":"2019-01-04T22:15:49","date_gmt":"2019-01-04T21:15:49","guid":{"rendered":"http:\/\/chr-gundermann.de\/?page_id=2028"},"modified":"2022-01-10T18:29:37","modified_gmt":"2022-01-10T17:29:37","slug":"impressum","status":"publish","type":"page","link":"http:\/\/chr-gundermann.de\/?page_id=2028","title":{"rendered":"Impressum"},"content":{"rendered":"\n<p>Inhaltlich verantwortlich ist:<\/p>\n\n\n\n<figure class=\"wp-block-image size-full is-resized\"><img loading=\"lazy\" decoding=\"async\" src=\"http:\/\/chr-gundermann.de\/wp-content\/uploads\/2022\/01\/Impressum.jpg\" alt=\"\" class=\"wp-image-2424\" width=\"174\" height=\"95\"\/><\/figure>\n\n\n\n<p class=\"has-small-font-size\">Alle Rechte vorbehalten.<\/p>\n\n\n\n<p class=\"has-small-font-size\">Die Texte auf chr-gundermann.de geben, sofern nicht anders gekennzeichnet, meine Meinung als Privatperson wieder.<\/p>\n\n\n\n<p class=\"has-small-font-size\"><strong>Haftungshinweis<\/strong>: Trotz sorgf\u00e4ltiger inhaltlicher Kontrolle\n\u00fcbernehme ich keine Haftung f\u00fcr die Inhalte externer Links. F\u00fcr den Inhalt der\nverlinkten Seiten sind ausschlie\u00dflich deren Betreiber verantwortlich. Fremde\nInhalte mache ich mir nicht zu eigen, sondern distanziere mich davon. Senden\nSie keine Abmahnungen, ohne zuvor Kontakt aufzunehmen \u2013 Abmahnkosten werden\nansonsten als unbegr\u00fcndet abgewiesen (Ihre Schadensminderungspflicht).<\/p>\n","protected":false},"excerpt":{"rendered":"<p>Inhaltlich verantwortlich ist: Alle Rechte vorbehalten. Die Texte auf chr-gundermann.de geben, sofern nicht anders gekennzeichnet, meine Meinung als Privatperson wieder. Haftungshinweis: Trotz sorgf\u00e4ltiger inhaltlicher Kontrolle<\/p>\n","protected":false},"author":1,"featured_media":0,"parent":0,"menu_order":5,"comment_status":"closed","ping_status":"closed","template":"","meta":{"footnotes":""},"class_list":["post-2028","page","type-page","status-publish","hentry"],"_links":{"self":[{"href":"http:\/\/chr-gundermann.de\/index.php?rest_route=\/wp\/v2\/pages\/2028","targetHints":{"allow":["GET"]}}],"collection":[{"href":"http:\/\/chr-gundermann.de\/index.php?rest_route=\/wp\/v2\/pages"}],"about":[{"href":"http:\/\/chr-gundermann.de\/index.php?rest_route=\/wp\/v2\/types\/page"}],"author":[{"embeddable":true,"href":"http:\/\/chr-gundermann.de\/index.php?rest_route=\/wp\/v2\/users\/1"}],"replies":[{"embeddable":true,"href":"http:\/\/chr-gundermann.de\/index.php?rest_route=%2Fwp%2Fv2%2Fcomments&post=2028"}],"version-history":[{"count":3,"href":"http:\/\/chr-gundermann.de\/index.php?rest_route=\/wp\/v2\/pages\/2028\/revisions"}],"predecessor-version":[{"id":2426,"href":"http:\/\/chr-gundermann.de\/index.php?rest_route=\/wp\/v2\/pages\/2028\/revisions\/2426"}],"wp:attachment":[{"href":"http:\/\/chr-gundermann.de\/index.php?rest_route=%2Fwp%2Fv2%2Fmedia&parent=2028"}],"curies":[{"name":"wp","href":"https:\/\/api.w.org\/{rel}","templated":true}]}}